{"id":1710,"date":"2025-06-17T05:13:51","date_gmt":"2025-06-17T05:13:51","guid":{"rendered":"https:\/\/www.d57.se\/about\/"},"modified":"2025-10-25T11:51:47","modified_gmt":"2025-10-25T11:51:47","slug":"about","status":"publish","type":"page","link":"https:\/\/www.d57.se\/en\/about\/","title":{"rendered":"Om oss"},"content":{"rendered":"<div data-elementor-type=\"wp-page\" data-elementor-id=\"1710\" class=\"elementor elementor-1710\">\n\t\t\t\t<div class=\"elementor-element elementor-element-e90f62c e-flex e-con-boxed e-con e-parent\" data-id=\"e90f62c\" data-element_type=\"container\" data-settings=\"{&quot;background_background&quot;:&quot;classic&quot;}\">\n\t\t\t\t\t<div class=\"e-con-inner\">\n\t\t<div class=\"elementor-element elementor-element-b29abee e-con-full e-flex e-con e-child\" data-id=\"b29abee\" data-element_type=\"container\">\n\t\t\t\t<div class=\"elementor-element elementor-element-f095111 elementor-widget-tablet__width-initial elementor-widget elementor-widget-heading\" data-id=\"f095111\" data-element_type=\"widget\" data-widget_type=\"heading.default\">\n\t\t\t\t\t<div class=\"elementor-heading-title elementor-size-default\">AI f\u00f6r\u00e4ndrar allt \u2013 utom det m\u00e4nskliga omd\u00f6met.<\/div>\t\t\t\t<\/div>\n\t\t\t\t<div class=\"elementor-element elementor-element-5990b83 elementor-widget elementor-widget-text-editor\" data-id=\"5990b83\" data-element_type=\"widget\" data-widget_type=\"text-editor.default\">\n\t\t\t\t\t\t\t\t\t<p data-start=\"1457\" data-end=\"1656\">I en tid d\u00e4r generativ AI tar \u00f6ver rutin och analys v\u00e4xer behovet av m\u00e4nniskor som kan t\u00e4nka sj\u00e4lv, ta ansvar och leda med etik och empati.<\/p><p data-start=\"1658\" data-end=\"1860\">Det \u00e4r d\u00e4r <strong data-start=\"1669\" data-end=\"1686\">57dimensionen<\/strong> kommer in.<\/p><p data-start=\"1862\" data-end=\"2092\">V\u00e5r modell, inspirerad av Harvard och framtagen i Sverige, hj\u00e4lper f\u00f6retag att m\u00f6ta unga med driv, framtidsf\u00f6rst\u00e5else och karakt\u00e4r. Skolor f\u00e5r samtidigt verktyg att utveckla etik, sj\u00e4lvledarskap och verklig anst\u00e4llningsbarhet.<\/p><p data-start=\"2094\" data-end=\"2299\">Framtiden formas d\u00e4r skola m\u00f6ter f\u00f6retag \u2013 och etik m\u00f6ter ansvar.<\/p><p data-start=\"2094\" data-end=\"2299\"><br data-start=\"2159\" data-end=\"2162\" \/>L\u00e5t oss forma den tillsammans.<\/p><p data-start=\"998\" data-end=\"1049\"><strong>Ta kontakt med oss f\u00f6r att forma framtiden nu.<\/strong><\/p>\t\t\t\t\t\t\t\t<\/div>\n\t\t\t\t<\/div>\n\t\t\t\t\t<\/div>\n\t\t\t\t<\/div>\n\t\t<div class=\"elementor-element elementor-element-c78e3eb e-flex e-con-boxed e-con e-parent\" data-id=\"c78e3eb\" data-element_type=\"container\">\n\t\t\t\t\t<div class=\"e-con-inner\">\n\t\t\t\t<div class=\"elementor-element elementor-element-c9210a8 elementor-widget elementor-widget-heading\" data-id=\"c9210a8\" data-element_type=\"widget\" data-widget_type=\"heading.default\">\n\t\t\t\t\t<h2 class=\"elementor-heading-title elementor-size-default\">57dimensionen \u2013 Framtidens talanger<\/h2>\t\t\t\t<\/div>\n\t\t<div class=\"elementor-element elementor-element-c287a31 e-con-full e-flex e-con e-child\" data-id=\"c287a31\" data-element_type=\"container\">\n\t\t\t\t<div class=\"elementor-element elementor-element-95714da elementor-widget elementor-widget-text-editor\" data-id=\"95714da\" data-element_type=\"widget\" data-widget_type=\"text-editor.default\">\n\t\t\t\t\t\t\t\t\t<h3 data-start=\"126\" data-end=\"171\">Vi v\u00e4ssar talang och hj\u00e4lper n\u00e4ringsliv och skolan att \u00a0forma framtiden.<\/h3><h3 data-start=\"126\" data-end=\"171\">\u00a0<\/h3>\t\t\t\t\t\t\t\t<\/div>\n\t\t\t\t<\/div>\n\t\t\t\t\t<\/div>\n\t\t\t\t<\/div>\n\t\t<div class=\"elementor-element elementor-element-c4c3e2f e-flex e-con-boxed e-con e-parent\" data-id=\"c4c3e2f\" data-element_type=\"container\">\n\t\t\t\t\t<div class=\"e-con-inner\">\n\t\t\t\t<div class=\"elementor-element elementor-element-90561b4 elementor-widget elementor-widget-image\" data-id=\"90561b4\" data-element_type=\"widget\" data-widget_type=\"image.default\">\n\t\t\t\t\t\t\t\t\t\t\t\t\t\t\t<img fetchpriority=\"high\" decoding=\"async\" width=\"1920\" height=\"2560\" src=\"https:\/\/www.d57.se\/wp-content\/uploads\/2025\/07\/20250708_184216-scaled.jpg\" class=\"attachment-full size-full wp-image-2568\" alt=\"ing\u00e5ng Anna\" srcset=\"https:\/\/www.d57.se\/wp-content\/uploads\/2025\/07\/20250708_184216-scaled.jpg 1920w, https:\/\/www.d57.se\/wp-content\/uploads\/2025\/07\/20250708_184216-225x300.jpg 225w, https:\/\/www.d57.se\/wp-content\/uploads\/2025\/07\/20250708_184216-768x1024.jpg 768w, https:\/\/www.d57.se\/wp-content\/uploads\/2025\/07\/20250708_184216-1152x1536.jpg 1152w, https:\/\/www.d57.se\/wp-content\/uploads\/2025\/07\/20250708_184216-1536x2048.jpg 1536w\" sizes=\"(max-width: 1920px) 100vw, 1920px\" \/>\t\t\t\t\t\t\t\t\t\t\t\t\t\t\t<\/div>\n\t\t\t\t<div class=\"elementor-element elementor-element-3090e74 elementor-widget__width-initial elementor-widget-mobile__width-initial elementor-widget elementor-widget-text-editor\" data-id=\"3090e74\" data-element_type=\"widget\" data-widget_type=\"text-editor.default\">\n\t\t\t\t\t\t\t\t\t<h3 data-start=\"169\" data-end=\"220\"><strong data-start=\"173\" data-end=\"218\">Varf\u00f6r g\u00e5 in genom porten till framtiden?<\/strong><\/h3><p data-start=\"221\" data-end=\"358\">F\u00f6r att framtiden inte l\u00e4ngre v\u00e4ntar.<br data-start=\"258\" data-end=\"261\" \/>AI f\u00f6r\u00e4ndrar allt \u2013 men m\u00e4nniskor med etik, ansvar och omd\u00f6me kommer alltid att vara avg\u00f6rande.<\/p><p data-start=\"360\" data-end=\"604\">N\u00e4r skolor och f\u00f6retag g\u00e5r in genom porten till 57dimensionen kliver de in i en gemensam utvecklingsmilj\u00f6 d\u00e4r unga tr\u00e4nas att t\u00e4nka, leda och agera med integritet.<br data-start=\"523\" data-end=\"526\" \/>F\u00f6retagen hittar framtidens talanger.<br data-start=\"563\" data-end=\"566\" \/>Skolorna formar morgondagens ledare.<\/p><p data-start=\"360\" data-end=\"604\">\u00a0<\/p><p data-start=\"606\" data-end=\"711\"><strong>57dimensionen \u00e4r platsen d\u00e4r framtiden b\u00f6rjar \u2013 och d\u00e4r den m\u00e4nskliga kompassen fortfarande pekar r\u00e4tt.<\/strong><\/p>\t\t\t\t\t\t\t\t<\/div>\n\t\t\t\t\t<\/div>\n\t\t\t\t<\/div>\n\t\t<div class=\"elementor-element elementor-element-372793e e-flex e-con-boxed e-con e-parent\" data-id=\"372793e\" data-element_type=\"container\">\n\t\t\t\t\t<div class=\"e-con-inner\">\n\t\t\t\t\t<\/div>\n\t\t\t\t<\/div>\n\t\t\t\t<\/div>","protected":false},"excerpt":{"rendered":"<p>AI f\u00f6r\u00e4ndrar allt \u2013 utom det m\u00e4nskliga omd\u00f6met. I en tid d\u00e4r generativ AI tar \u00f6ver rutin och analys v\u00e4xer behovet av m\u00e4nniskor som kan t\u00e4nka sj\u00e4lv, ta ansvar och leda med etik och empati. Det \u00e4r d\u00e4r 57dimensionen kommer in. V\u00e5r modell, inspirerad av Harvard och framtagen i Sverige, hj\u00e4lper f\u00f6retag att m\u00f6ta unga [&hellip;]<\/p>","protected":false},"author":1,"featured_media":0,"parent":0,"menu_order":0,"comment_status":"closed","ping_status":"closed","template":"","meta":{"site-sidebar-layout":"no-sidebar","site-content-layout":"page-builder","ast-site-content-layout":"default","site-content-style":"default","site-sidebar-style":"default","ast-global-header-display":"","ast-banner-title-visibility":"","ast-main-header-display":"","ast-hfb-above-header-display":"","ast-hfb-below-header-display":"","ast-hfb-mobile-header-display":"","site-post-title":"disabled","ast-breadcrumbs-content":"","ast-featured-img":"disabled","footer-sml-layout":"","theme-transparent-header-meta":"enabled","adv-header-id-meta":"","stick-header-meta":"","header-above-stick-meta":"","header-main-stick-meta":"","header-below-stick-meta":"","astra-migrate-meta-layouts":"default","ast-page-background-enabled":"default","ast-page-background-meta":{"desktop":{"background-color":"var(--ast-global-color-4)","background-image":"","background-repeat":"repeat","background-position":"center center","background-size":"auto","background-attachment":"scroll","background-type":"","background-media":"","overlay-type":"","overlay-color":"","overlay-opacity":"","overlay-gradient":""},"tablet":{"background-color":"","background-image":"","background-repeat":"repeat","background-position":"center center","background-size":"auto","background-attachment":"scroll","background-type":"","background-media":"","overlay-type":"","overlay-color":"","overlay-opacity":"","overlay-gradient":""},"mobile":{"background-color":"","background-image":"","background-repeat":"repeat","background-position":"center center","background-size":"auto","background-attachment":"scroll","background-type":"","background-media":"","overlay-type":"","overlay-color":"","overlay-opacity":"","overlay-gradient":""}},"ast-content-background-meta":{"desktop":{"background-color":"var(--ast-global-color-5)","background-image":"","background-repeat":"repeat","background-position":"center center","background-size":"auto","background-attachment":"scroll","background-type":"","background-media":"","overlay-type":"","overlay-color":"","overlay-opacity":"","overlay-gradient":""},"tablet":{"background-color":"var(--ast-global-color-5)","background-image":"","background-repeat":"repeat","background-position":"center center","background-size":"auto","background-attachment":"scroll","background-type":"","background-media":"","overlay-type":"","overlay-color":"","overlay-opacity":"","overlay-gradient":""},"mobile":{"background-color":"var(--ast-global-color-5)","background-image":"","background-repeat":"repeat","background-position":"center center","background-size":"auto","background-attachment":"scroll","background-type":"","background-media":"","overlay-type":"","overlay-color":"","overlay-opacity":"","overlay-gradient":""}},"footnotes":""},"class_list":["post-1710","page","type-page","status-publish","hentry"],"_links":{"self":[{"href":"https:\/\/www.d57.se\/en\/wp-json\/wp\/v2\/pages\/1710","targetHints":{"allow":["GET"]}}],"collection":[{"href":"https:\/\/www.d57.se\/en\/wp-json\/wp\/v2\/pages"}],"about":[{"href":"https:\/\/www.d57.se\/en\/wp-json\/wp\/v2\/types\/page"}],"author":[{"embeddable":true,"href":"https:\/\/www.d57.se\/en\/wp-json\/wp\/v2\/users\/1"}],"replies":[{"embeddable":true,"href":"https:\/\/www.d57.se\/en\/wp-json\/wp\/v2\/comments?post=1710"}],"version-history":[{"count":84,"href":"https:\/\/www.d57.se\/en\/wp-json\/wp\/v2\/pages\/1710\/revisions"}],"predecessor-version":[{"id":2708,"href":"https:\/\/www.d57.se\/en\/wp-json\/wp\/v2\/pages\/1710\/revisions\/2708"}],"wp:attachment":[{"href":"https:\/\/www.d57.se\/en\/wp-json\/wp\/v2\/media?parent=1710"}],"curies":[{"name":"wp","href":"https:\/\/api.w.org\/{rel}","templated":true}]}}