{"id":1711,"date":"2025-06-17T05:13:51","date_gmt":"2025-06-17T05:13:51","guid":{"rendered":"https:\/\/www.d57.se\/services\/"},"modified":"2025-10-25T11:47:18","modified_gmt":"2025-10-25T11:47:18","slug":"services","status":"publish","type":"page","link":"https:\/\/www.d57.se\/en\/services\/","title":{"rendered":"V\u00e5rt erbjudande"},"content":{"rendered":"<div data-elementor-type=\"wp-page\" data-elementor-id=\"1711\" class=\"elementor elementor-1711\">\n\t\t\t\t<div class=\"elementor-element elementor-element-b069d22 e-flex e-con-boxed e-con e-parent\" data-id=\"b069d22\" data-element_type=\"container\">\n\t\t\t\t\t<div class=\"e-con-inner\">\n\t\t\t\t<div class=\"elementor-element elementor-element-505f433 elementor-widget__width-initial elementor-widget-mobile__width-initial elementor-widget elementor-widget-text-editor\" data-id=\"505f433\" data-element_type=\"widget\" data-widget_type=\"text-editor.default\">\n\t\t\t\t\t\t\t\t\t<h1 style=\"text-align: center;\">V\u00e5r vision<\/h1><h4 style=\"text-align: center;\">Vi tror att d\u00e4r skola m\u00f6ter f\u00f6retag, och etik m\u00f6ter ansvar d\u00e4r byggs framtiden av unga m\u00e4nniskor med karakt\u00e4r, omd\u00f6me och vilja att bidra till n\u00e5got st\u00f6rre \u00e4n sig sj\u00e4lva.<\/h4>\t\t\t\t\t\t\t\t<\/div>\n\t\t\t\t\t<\/div>\n\t\t\t\t<\/div>\n\t\t<div class=\"elementor-element elementor-element-4ea6c66 e-flex e-con-boxed e-con e-parent\" data-id=\"4ea6c66\" data-element_type=\"container\">\n\t\t\t\t\t<div class=\"e-con-inner\">\n\t\t<div class=\"elementor-element elementor-element-6880e43 e-con-full e-flex e-con e-child\" data-id=\"6880e43\" data-element_type=\"container\">\n\t\t\t\t<div class=\"elementor-element elementor-element-f51149a elementor-widget elementor-widget-image\" data-id=\"f51149a\" data-element_type=\"widget\" data-widget_type=\"image.default\">\n\t\t\t\t\t\t\t\t\t\t\t\t\t\t\t<img fetchpriority=\"high\" decoding=\"async\" width=\"1470\" height=\"1178\" src=\"https:\/\/www.d57.se\/wp-content\/uploads\/2025\/06\/featured-image-3.webp\" class=\"attachment-full size-full wp-image-36\" alt=\"framtidskompass genom d57 anna emdenborg\" srcset=\"https:\/\/www.d57.se\/wp-content\/uploads\/2025\/06\/featured-image-3.webp 1470w, https:\/\/www.d57.se\/wp-content\/uploads\/2025\/06\/featured-image-3-300x240.webp 300w, https:\/\/www.d57.se\/wp-content\/uploads\/2025\/06\/featured-image-3-1024x821.webp 1024w, https:\/\/www.d57.se\/wp-content\/uploads\/2025\/06\/featured-image-3-768x615.webp 768w\" sizes=\"(max-width: 1470px) 100vw, 1470px\" \/>\t\t\t\t\t\t\t\t\t\t\t\t\t\t\t<\/div>\n\t\t\t\t<\/div>\n\t\t<div class=\"elementor-element elementor-element-1d599f0 e-con-full e-flex e-con e-child\" data-id=\"1d599f0\" data-element_type=\"container\">\n\t\t\t\t<div class=\"elementor-element elementor-element-76677c7 elementor-widget elementor-widget-text-editor\" data-id=\"76677c7\" data-element_type=\"widget\" data-widget_type=\"text-editor.default\">\n\t\t\t\t\t\t\t\t\t<h2 style=\"text-align: center;\">S\u00e5 funkar de<\/h2><p><strong>Framtidskompassen och Framtidsbron formar n\u00e4sta generation ledare och f\u00f6rvaltar och f\u00f6r\u00e4dlar talang.<\/strong><\/p><p>\u00a0<\/p><ul><li>Du som elev f\u00e5r m\u00f6jlighet att v\u00e5ga bli vad du egentligen vill bli.<\/li><li>Du som skola st\u00e4rker ditt uppdrag och f\u00f6rvaltar ungas talang.<\/li><li>Du som f\u00f6retag formar framtidens arbetskraft och g\u00f6r n\u00e5got av unga m\u00e4nniskors lott.<span class=\"Apple-converted-space\">\u00a0<\/span><\/li><\/ul><p>\u00a0<\/p><p style=\"text-align: center;\"><b>Vill du forma och p\u00e5verka morgondagens aff\u00e4rsliv? Kontakta oss nu!<span class=\"Apple-converted-space\">\u00a0<\/span><\/b><\/p><h5 style=\"text-align: left;\">\u00a0<\/h5>\t\t\t\t\t\t\t\t<\/div>\n\t\t\t\t<\/div>\n\t\t\t\t\t<\/div>\n\t\t\t\t<\/div>\n\t\t<div class=\"elementor-element elementor-element-6d214f7 e-flex e-con-boxed e-con e-parent\" data-id=\"6d214f7\" data-element_type=\"container\">\n\t\t\t\t\t<div class=\"e-con-inner\">\n\t\t<div class=\"elementor-element elementor-element-47189ec e-con-full e-flex e-con e-child\" data-id=\"47189ec\" data-element_type=\"container\">\n\t\t\t\t<div class=\"elementor-element elementor-element-835e364 elementor-widget elementor-widget-text-editor\" data-id=\"835e364\" data-element_type=\"widget\" data-widget_type=\"text-editor.default\">\n\t\t\t\t\t\t\t\t\t<h2 style=\"text-align: center;\">M\u00e5lgrupp<\/h2><ul><li data-start=\"893\" data-end=\"966\"><p data-start=\"895\" data-end=\"966\"><strong data-start=\"895\" data-end=\"906\">F\u00f6retag<\/strong> som vill attrahera, forma och f\u00f6rst\u00e5 framtidens talanger.<\/p><\/li><li data-start=\"967\" data-end=\"1032\"><p data-start=\"969\" data-end=\"1032\"><strong data-start=\"969\" data-end=\"979\">Skolor<\/strong> som vill ge sina elever verklig framtidskompetens.<\/p><\/li><li data-start=\"1033\" data-end=\"1152\"><p data-start=\"1035\" data-end=\"1152\"><strong data-start=\"1035\" data-end=\"1057\">Coacher och ledare<\/strong> som vill bidra till en v\u00e4rderingsstyrd framtid d\u00e4r etik och ansvar v\u00e4gleder AI-generationen.<\/p><\/li><\/ul><p>\u00a0<\/p>\t\t\t\t\t\t\t\t<\/div>\n\t\t\t\t<div class=\"elementor-element elementor-element-995bd42 elementor-align-center elementor-widget elementor-widget-button\" data-id=\"995bd42\" data-element_type=\"widget\" data-widget_type=\"button.default\">\n\t\t\t\t\t\t\t\t\t\t<a class=\"elementor-button elementor-button-link elementor-size-sm\" href=\"https:\/\/www.d57.se\/en\/?page_id=1712\">\n\t\t\t\t\t\t<span class=\"elementor-button-content-wrapper\">\n\t\t\t\t\t\t\t\t\t<span class=\"elementor-button-text\">kontakta oss<\/span>\n\t\t\t\t\t<\/span>\n\t\t\t\t\t<\/a>\n\t\t\t\t\t\t\t\t<\/div>\n\t\t\t\t<\/div>\n\t\t<div class=\"elementor-element elementor-element-e0dacc0 e-con-full e-flex e-con e-child\" data-id=\"e0dacc0\" data-element_type=\"container\">\n\t\t\t\t<div class=\"elementor-element elementor-element-e56c3c6 elementor-widget elementor-widget-image\" data-id=\"e56c3c6\" data-element_type=\"widget\" data-widget_type=\"image.default\">\n\t\t\t\t\t\t\t\t\t\t\t\t\t\t\t<img decoding=\"async\" width=\"1024\" height=\"662\" src=\"https:\/\/www.d57.se\/wp-content\/uploads\/2025\/06\/pexels-syed-hadi-naqvi-3393246-5126131-1024x662.webp\" class=\"attachment-large size-large wp-image-2140\" alt=\"M\u00e5lgrupp genom d57 anna emdenborg\" srcset=\"https:\/\/www.d57.se\/wp-content\/uploads\/2025\/06\/pexels-syed-hadi-naqvi-3393246-5126131-1024x662.webp 1024w, https:\/\/www.d57.se\/wp-content\/uploads\/2025\/06\/pexels-syed-hadi-naqvi-3393246-5126131-300x194.webp 300w, https:\/\/www.d57.se\/wp-content\/uploads\/2025\/06\/pexels-syed-hadi-naqvi-3393246-5126131-768x497.webp 768w, https:\/\/www.d57.se\/wp-content\/uploads\/2025\/06\/pexels-syed-hadi-naqvi-3393246-5126131-1536x993.jpg 1536w, https:\/\/www.d57.se\/wp-content\/uploads\/2025\/06\/pexels-syed-hadi-naqvi-3393246-5126131-2048x1324.jpg 2048w, https:\/\/www.d57.se\/wp-content\/uploads\/2025\/06\/pexels-syed-hadi-naqvi-3393246-5126131-scaled.webp 1920w\" sizes=\"(max-width: 1024px) 100vw, 1024px\" \/>\t\t\t\t\t\t\t\t\t\t\t\t\t\t\t<\/div>\n\t\t\t\t<\/div>\n\t\t\t\t\t<\/div>\n\t\t\t\t<\/div>\n\t\t\t\t<\/div>","protected":false},"excerpt":{"rendered":"<p>V\u00e5r vision Vi tror att d\u00e4r skola m\u00f6ter f\u00f6retag, och etik m\u00f6ter ansvar d\u00e4r byggs framtiden av unga m\u00e4nniskor med karakt\u00e4r, omd\u00f6me och vilja att bidra till n\u00e5got st\u00f6rre \u00e4n sig sj\u00e4lva. S\u00e5 funkar de Framtidskompassen och Framtidsbron formar n\u00e4sta generation ledare och f\u00f6rvaltar och f\u00f6r\u00e4dlar talang. \u00a0 Du som elev f\u00e5r m\u00f6jlighet att v\u00e5ga [&hellip;]<\/p>","protected":false},"author":1,"featured_media":0,"parent":0,"menu_order":0,"comment_status":"closed","ping_status":"closed","template":"","meta":{"site-sidebar-layout":"no-sidebar","site-content-layout":"page-builder","ast-site-content-layout":"full-width-container","site-content-style":"unboxed","site-sidebar-style":"unboxed","ast-global-header-display":"","ast-banner-title-visibility":"","ast-main-header-display":"","ast-hfb-above-header-display":"","ast-hfb-below-header-display":"","ast-hfb-mobile-header-display":"","site-post-title":"disabled","ast-breadcrumbs-content":"","ast-featured-img":"disabled","footer-sml-layout":"","theme-transparent-header-meta":"enabled","adv-header-id-meta":"","stick-header-meta":"","header-above-stick-meta":"","header-main-stick-meta":"","header-below-stick-meta":"","astra-migrate-meta-layouts":"set","ast-page-background-enabled":"default","ast-page-background-meta":{"desktop":{"background-color":"var(--ast-global-color-4)","background-image":"","background-repeat":"repeat","background-position":"center center","background-size":"auto","background-attachment":"scroll","background-type":"","background-media":"","overlay-type":"","overlay-color":"","overlay-opacity":"","overlay-gradient":""},"tablet":{"background-color":"","background-image":"","background-repeat":"repeat","background-position":"center center","background-size":"auto","background-attachment":"scroll","background-type":"","background-media":"","overlay-type":"","overlay-color":"","overlay-opacity":"","overlay-gradient":""},"mobile":{"background-color":"","background-image":"","background-repeat":"repeat","background-position":"center center","background-size":"auto","background-attachment":"scroll","background-type":"","background-media":"","overlay-type":"","overlay-color":"","overlay-opacity":"","overlay-gradient":""}},"ast-content-background-meta":{"desktop":{"background-color":"var(--ast-global-color-5)","background-image":"","background-repeat":"repeat","background-position":"center center","background-size":"auto","background-attachment":"scroll","background-type":"","background-media":"","overlay-type":"","overlay-color":"","overlay-opacity":"","overlay-gradient":""},"tablet":{"background-color":"var(--ast-global-color-5)","background-image":"","background-repeat":"repeat","background-position":"center center","background-size":"auto","background-attachment":"scroll","background-type":"","background-media":"","overlay-type":"","overlay-color":"","overlay-opacity":"","overlay-gradient":""},"mobile":{"background-color":"var(--ast-global-color-5)","background-image":"","background-repeat":"repeat","background-position":"center center","background-size":"auto","background-attachment":"scroll","background-type":"","background-media":"","overlay-type":"","overlay-color":"","overlay-opacity":"","overlay-gradient":""}},"footnotes":""},"class_list":["post-1711","page","type-page","status-publish","hentry"],"_links":{"self":[{"href":"https:\/\/www.d57.se\/en\/wp-json\/wp\/v2\/pages\/1711","targetHints":{"allow":["GET"]}}],"collection":[{"href":"https:\/\/www.d57.se\/en\/wp-json\/wp\/v2\/pages"}],"about":[{"href":"https:\/\/www.d57.se\/en\/wp-json\/wp\/v2\/types\/page"}],"author":[{"embeddable":true,"href":"https:\/\/www.d57.se\/en\/wp-json\/wp\/v2\/users\/1"}],"replies":[{"embeddable":true,"href":"https:\/\/www.d57.se\/en\/wp-json\/wp\/v2\/comments?post=1711"}],"version-history":[{"count":59,"href":"https:\/\/www.d57.se\/en\/wp-json\/wp\/v2\/pages\/1711\/revisions"}],"predecessor-version":[{"id":2704,"href":"https:\/\/www.d57.se\/en\/wp-json\/wp\/v2\/pages\/1711\/revisions\/2704"}],"wp:attachment":[{"href":"https:\/\/www.d57.se\/en\/wp-json\/wp\/v2\/media?parent=1711"}],"curies":[{"name":"wp","href":"https:\/\/api.w.org\/{rel}","templated":true}]}}