{"id":2185,"date":"2025-06-27T11:01:07","date_gmt":"2025-06-27T11:01:07","guid":{"rendered":"https:\/\/www.d57.se\/?page_id=2185"},"modified":"2025-10-22T17:14:18","modified_gmt":"2025-10-22T17:14:18","slug":"hallbarhetsprofil-for-57dimensionen","status":"publish","type":"page","link":"https:\/\/www.d57.se\/en\/hallbarhetsprofil-for-57dimensionen\/","title":{"rendered":"\u00a0H\u00e5llbarhetsprofil f\u00f6r 57dimensionen"},"content":{"rendered":"<div data-elementor-type=\"wp-page\" data-elementor-id=\"2185\" class=\"elementor elementor-2185\">\n\t\t\t\t<div class=\"elementor-element elementor-element-b5e3c70 e-flex e-con-boxed e-con e-parent\" data-id=\"b5e3c70\" data-element_type=\"container\">\n\t\t\t\t\t<div class=\"e-con-inner\">\n\t\t\t\t<div class=\"elementor-element elementor-element-622c48e8 elementor-widget elementor-widget-text-editor\" data-id=\"622c48e8\" data-element_type=\"widget\" data-widget_type=\"text-editor.default\">\n\t\t\t\t\t\t\t\t\t\n<div dir=\"auto\">\n<h4 data-start=\"1986\" data-end=\"2012\">\u00a0<\/h4>\n<h4 data-start=\"1986\" data-end=\"2012\">\u00a0<\/h4>\n<h4 data-start=\"1986\" data-end=\"2012\">\u00a0<\/h4>\n<h4 data-start=\"1986\" data-end=\"2012\"><strong data-start=\"1991\" data-end=\"2012\">H\u00e5llbarhetsprofil<\/strong><\/h4>\n<p data-start=\"2013\" data-end=\"2250\">F\u00f6r oss betyder h\u00e5llbarhet inte bara milj\u00f6.<br data-start=\"2056\" data-end=\"2059\" \/>Det betyder m\u00e4nniskor som kan st\u00e5 stadigt, t\u00e4nka klart och ta ansvar i en komplex tid.<br data-start=\"2145\" data-end=\"2148\" \/>Vi bygger d\u00e4rf\u00f6r l\u00e5ngsiktiga relationer mellan skola, f\u00f6retag och samh\u00e4lle \u2013 d\u00e4r individens v\u00e4rderingar b\u00e4r framtiden<\/p>\n<\/div>\n<div dir=\"auto\">\u00a0<\/div>\n<h5 dir=\"auto\"><strong>Integritetspolicy<\/strong>\u00a0<\/h5>\n<div dir=\"auto\"><strong>Integritet och personuppgifter<\/strong><\/div>\n<div dir=\"auto\">N\u00e4r du deltar i v\u00e5rt program kan vi komma att samla in information om dina m\u00e5l, styrkor och utvecklingsomr\u00e5den f\u00f6r att hj\u00e4lpa dig fram\u00e5t. Informationen anv\u00e4nds enbart i syfte att st\u00f6tta din utveckling och \u2013 om du samtycker \u2013 som underlag f\u00f6r framtida jobbmatchning och rekrytering.<\/div>\n<div dir=\"auto\">Du kan n\u00e4r som helst ta tillbaka ditt samtycke. Vi sparar aldrig mer data \u00e4n n\u00f6dv\u00e4ndigt och delar inget vidare utan uttryckligt tillst\u00e5nd.<\/div>\n\n<p>\u00a0<\/p>\n\t\t\t\t\t\t\t\t<\/div>\n\t\t\t\t\t<\/div>\n\t\t\t\t<\/div>\n\t\t\t\t<\/div>","protected":false},"excerpt":{"rendered":"<p>\u00a0 \u00a0 \u00a0 H\u00e5llbarhetsprofil F\u00f6r oss betyder h\u00e5llbarhet inte bara milj\u00f6.Det betyder m\u00e4nniskor som kan st\u00e5 stadigt, t\u00e4nka klart och ta ansvar i en komplex tid.Vi bygger d\u00e4rf\u00f6r l\u00e5ngsiktiga relationer mellan skola, f\u00f6retag och samh\u00e4lle \u2013 d\u00e4r individens v\u00e4rderingar b\u00e4r framtiden \u00a0 Integritetspolicy\u00a0 Integritet och personuppgifter N\u00e4r du deltar i v\u00e5rt program kan vi komma [&hellip;]<\/p>","protected":false},"author":1,"featured_media":0,"parent":0,"menu_order":5,"comment_status":"closed","ping_status":"closed","template":"","meta":{"site-sidebar-layout":"default","site-content-layout":"","ast-site-content-layout":"default","site-content-style":"default","site-sidebar-style":"default","ast-global-header-display":"","ast-banner-title-visibility":"","ast-main-header-display":"","ast-hfb-above-header-display":"","ast-hfb-below-header-display":"","ast-hfb-mobile-header-display":"","site-post-title":"","ast-breadcrumbs-content":"","ast-featured-img":"","footer-sml-layout":"","theme-transparent-header-meta":"","adv-header-id-meta":"","stick-header-meta":"","header-above-stick-meta":"","header-main-stick-meta":"","header-below-stick-meta":"","astra-migrate-meta-layouts":"set","ast-page-background-enabled":"default","ast-page-background-meta":{"desktop":{"background-color":"var(--ast-global-color-4)","background-image":"","background-repeat":"repeat","background-position":"center center","background-size":"auto","background-attachment":"scroll","background-type":"","background-media":"","overlay-type":"","overlay-color":"","overlay-opacity":"","overlay-gradient":""},"tablet":{"background-color":"","background-image":"","background-repeat":"repeat","background-position":"center center","background-size":"auto","background-attachment":"scroll","background-type":"","background-media":"","overlay-type":"","overlay-color":"","overlay-opacity":"","overlay-gradient":""},"mobile":{"background-color":"","background-image":"","background-repeat":"repeat","background-position":"center center","background-size":"auto","background-attachment":"scroll","background-type":"","background-media":"","overlay-type":"","overlay-color":"","overlay-opacity":"","overlay-gradient":""}},"ast-content-background-meta":{"desktop":{"background-color":"var(--ast-global-color-5)","background-image":"","background-repeat":"repeat","background-position":"center center","background-size":"auto","background-attachment":"scroll","background-type":"","background-media":"","overlay-type":"","overlay-color":"","overlay-opacity":"","overlay-gradient":""},"tablet":{"background-color":"var(--ast-global-color-5)","background-image":"","background-repeat":"repeat","background-position":"center center","background-size":"auto","background-attachment":"scroll","background-type":"","background-media":"","overlay-type":"","overlay-color":"","overlay-opacity":"","overlay-gradient":""},"mobile":{"background-color":"var(--ast-global-color-5)","background-image":"","background-repeat":"repeat","background-position":"center center","background-size":"auto","background-attachment":"scroll","background-type":"","background-media":"","overlay-type":"","overlay-color":"","overlay-opacity":"","overlay-gradient":""}},"footnotes":""},"class_list":["post-2185","page","type-page","status-publish","hentry"],"_links":{"self":[{"href":"https:\/\/www.d57.se\/en\/wp-json\/wp\/v2\/pages\/2185","targetHints":{"allow":["GET"]}}],"collection":[{"href":"https:\/\/www.d57.se\/en\/wp-json\/wp\/v2\/pages"}],"about":[{"href":"https:\/\/www.d57.se\/en\/wp-json\/wp\/v2\/types\/page"}],"author":[{"embeddable":true,"href":"https:\/\/www.d57.se\/en\/wp-json\/wp\/v2\/users\/1"}],"replies":[{"embeddable":true,"href":"https:\/\/www.d57.se\/en\/wp-json\/wp\/v2\/comments?post=2185"}],"version-history":[{"count":28,"href":"https:\/\/www.d57.se\/en\/wp-json\/wp\/v2\/pages\/2185\/revisions"}],"predecessor-version":[{"id":2700,"href":"https:\/\/www.d57.se\/en\/wp-json\/wp\/v2\/pages\/2185\/revisions\/2700"}],"wp:attachment":[{"href":"https:\/\/www.d57.se\/en\/wp-json\/wp\/v2\/media?parent=2185"}],"curies":[{"name":"wp","href":"https:\/\/api.w.org\/{rel}","templated":true}]}}