{"id":2223,"date":"2025-07-03T12:00:01","date_gmt":"2025-07-03T12:00:01","guid":{"rendered":"https:\/\/www.d57.se\/?page_id=2223"},"modified":"2025-10-22T15:57:24","modified_gmt":"2025-10-22T15:57:24","slug":"for-skolor","status":"publish","type":"page","link":"https:\/\/www.d57.se\/en\/for-skolor\/","title":{"rendered":"F\u00f6r skolor"},"content":{"rendered":"<div data-elementor-type=\"wp-page\" data-elementor-id=\"2223\" class=\"elementor elementor-2223\">\n\t\t\t\t<div class=\"elementor-element elementor-element-a4edc73 e-con-full e-flex e-con e-parent\" data-id=\"a4edc73\" data-element_type=\"container\" data-settings=\"{&quot;background_background&quot;:&quot;classic&quot;}\">\n\t\t\t\t<div class=\"elementor-element elementor-element-90660ce elementor-widget elementor-widget-heading\" data-id=\"90660ce\" data-element_type=\"widget\" data-widget_type=\"heading.default\">\n\t\t\t\t\t<h2 class=\"elementor-heading-title elementor-size-default\"><b>Vi f\u00f6renar skola och arbetsliv<\/b><\/h2>\t\t\t\t<\/div>\n\t\t\t\t<div class=\"elementor-element elementor-element-50eebfc elementor-widget elementor-widget-heading\" data-id=\"50eebfc\" data-element_type=\"widget\" data-widget_type=\"heading.default\">\n\t\t\t\t\t<h5 class=\"elementor-heading-title elementor-size-default\"><b> Framtidskompassen \u2013 din personliga karta f\u00f6r ett meningsfullt arbetsliv\n \n<\/b><\/h5>\t\t\t\t<\/div>\n\t\t\t\t<\/div>\n\t\t<div class=\"elementor-element elementor-element-25c816a e-flex e-con-boxed e-con e-parent\" data-id=\"25c816a\" data-element_type=\"container\" data-settings=\"{&quot;background_background&quot;:&quot;video&quot;,&quot;background_video_link&quot;:&quot;https:\\\/\\\/pixabay.com\\\/videos\\\/man-walking-path-netherlands-202743\\\/&quot;}\">\n\t\t\t\t\t<div class=\"e-con-inner\">\n\t\t<div class=\"elementor-background-video-container elementor-hidden-mobile\" aria-hidden=\"true\">\n\t\t\t\t\t\t\t<video class=\"elementor-background-video-hosted\" autoplay muted playsinline loop><\/video>\n\t\t\t\t\t<\/div>\t\t<div class=\"elementor-element elementor-element-6314944 elementor-widget__width-initial elementor-widget elementor-widget-heading\" data-id=\"6314944\" data-element_type=\"widget\" data-widget_type=\"heading.default\">\n\t\t\t\t\t<h2 class=\"elementor-heading-title elementor-size-default\">Framtidskompassen \u2013 Elever som vet vart de \u00e4r p\u00e5 v\u00e4g<\/h2>\t\t\t\t<\/div>\n\t\t<div class=\"elementor-element elementor-element-4e7b428 e-grid e-con-full e-con e-child\" data-id=\"4e7b428\" data-element_type=\"container\">\n\t\t\t\t<div class=\"elementor-element elementor-element-9716a53 elementor-widget elementor-widget-text-editor\" data-id=\"9716a53\" data-element_type=\"widget\" data-widget_type=\"text-editor.default\">\n\t\t\t\t\t\t\t\t\t<p><strong>Ett konkret utvecklingsprogram f\u00f6r elever i \u00e5rskurs 8\u20139 och gymnasiet.<\/strong><\/p><p>\u00a0<\/p>\t\t\t\t\t\t\t\t<\/div>\n\t\t\t\t<div class=\"elementor-element elementor-element-47951d2 elementor-widget elementor-widget-text-editor\" data-id=\"47951d2\" data-element_type=\"widget\" data-widget_type=\"text-editor.default\">\n\t\t\t\t\t\t\t\t\t<p>AI f\u00f6r\u00e4ndrar l\u00e4randet \u2013 fakta \u00e4r gratis, men f\u00f6rst\u00e5else, ansvar och karakt\u00e4r blir avg\u00f6rande.<\/p><p><b>Med oss blir skolan en milj\u00f6 som skapar framtidens ledare.<span class=\"Apple-converted-space\">\u00a0<\/span><\/b><b><\/b><\/p><p>\u00a0<\/p>\t\t\t\t\t\t\t\t<\/div>\n\t\t\t\t<\/div>\n\t\t\t\t\t<\/div>\n\t\t\t\t<\/div>\n\t\t<div class=\"elementor-element elementor-element-c3a4c48 e-flex e-con-boxed e-con e-parent\" data-id=\"c3a4c48\" data-element_type=\"container\">\n\t\t\t\t\t<div class=\"e-con-inner\">\n\t\t\t\t<div class=\"elementor-element elementor-element-969d7d5 elementor-align-center elementor-widget elementor-widget-button\" data-id=\"969d7d5\" data-element_type=\"widget\" data-widget_type=\"button.default\">\n\t\t\t\t\t\t\t\t\t\t<a class=\"elementor-button elementor-button-link elementor-size-sm\" href=\"https:\/\/www.d57.se\/en\/contact\/\">\n\t\t\t\t\t\t<span class=\"elementor-button-content-wrapper\">\n\t\t\t\t\t\t\t\t\t<span class=\"elementor-button-text\">Intresserad?<\/span>\n\t\t\t\t\t<\/span>\n\t\t\t\t\t<\/a>\n\t\t\t\t\t\t\t\t<\/div>\n\t\t\t\t\t<\/div>\n\t\t\t\t<\/div>\n\t\t<div class=\"elementor-element elementor-element-530edd5 e-flex e-con-boxed e-con e-parent\" data-id=\"530edd5\" data-element_type=\"container\">\n\t\t\t\t\t<div class=\"e-con-inner\">\n\t\t\t\t\t<\/div>\n\t\t\t\t<\/div>\n\t\t\t\t<\/div>","protected":false},"excerpt":{"rendered":"<p>Vi f\u00f6renar skola och arbetsliv Framtidskompassen \u2013 din personliga karta f\u00f6r ett meningsfullt arbetsliv Framtidskompassen \u2013 Elever som vet vart de \u00e4r p\u00e5 v\u00e4g Ett konkret utvecklingsprogram f\u00f6r elever i \u00e5rskurs 8\u20139 och gymnasiet. \u00a0 AI f\u00f6r\u00e4ndrar l\u00e4randet \u2013 fakta \u00e4r gratis, men f\u00f6rst\u00e5else, ansvar och karakt\u00e4r blir avg\u00f6rande. Med oss blir skolan en milj\u00f6 [&hellip;]<\/p>","protected":false},"author":1,"featured_media":0,"parent":0,"menu_order":0,"comment_status":"closed","ping_status":"closed","template":"","meta":{"site-sidebar-layout":"no-sidebar","site-content-layout":"page-builder","ast-site-content-layout":"full-width-container","site-content-style":"default","site-sidebar-style":"default","ast-global-header-display":"","ast-banner-title-visibility":"","ast-main-header-display":"","ast-hfb-above-header-display":"","ast-hfb-below-header-display":"","ast-hfb-mobile-header-display":"","site-post-title":"disabled","ast-breadcrumbs-content":"","ast-featured-img":"disabled","footer-sml-layout":"","theme-transparent-header-meta":"","adv-header-id-meta":"","stick-header-meta":"","header-above-stick-meta":"","header-main-stick-meta":"","header-below-stick-meta":"","astra-migrate-meta-layouts":"default","ast-page-background-enabled":"default","ast-page-background-meta":{"desktop":{"background-color":"var(--ast-global-color-4)","background-image":"","background-repeat":"repeat","background-position":"center center","background-size":"auto","background-attachment":"scroll","background-type":"","background-media":"","overlay-type":"","overlay-color":"","overlay-opacity":"","overlay-gradient":""},"tablet":{"background-color":"","background-image":"","background-repeat":"repeat","background-position":"center center","background-size":"auto","background-attachment":"scroll","background-type":"","background-media":"","overlay-type":"","overlay-color":"","overlay-opacity":"","overlay-gradient":""},"mobile":{"background-color":"","background-image":"","background-repeat":"repeat","background-position":"center center","background-size":"auto","background-attachment":"scroll","background-type":"","background-media":"","overlay-type":"","overlay-color":"","overlay-opacity":"","overlay-gradient":""}},"ast-content-background-meta":{"desktop":{"background-color":"var(--ast-global-color-5)","background-image":"","background-repeat":"repeat","background-position":"center center","background-size":"auto","background-attachment":"scroll","background-type":"","background-media":"","overlay-type":"","overlay-color":"","overlay-opacity":"","overlay-gradient":""},"tablet":{"background-color":"var(--ast-global-color-5)","background-image":"","background-repeat":"repeat","background-position":"center center","background-size":"auto","background-attachment":"scroll","background-type":"","background-media":"","overlay-type":"","overlay-color":"","overlay-opacity":"","overlay-gradient":""},"mobile":{"background-color":"var(--ast-global-color-5)","background-image":"","background-repeat":"repeat","background-position":"center center","background-size":"auto","background-attachment":"scroll","background-type":"","background-media":"","overlay-type":"","overlay-color":"","overlay-opacity":"","overlay-gradient":""}},"footnotes":""},"class_list":["post-2223","page","type-page","status-publish","hentry"],"_links":{"self":[{"href":"https:\/\/www.d57.se\/en\/wp-json\/wp\/v2\/pages\/2223","targetHints":{"allow":["GET"]}}],"collection":[{"href":"https:\/\/www.d57.se\/en\/wp-json\/wp\/v2\/pages"}],"about":[{"href":"https:\/\/www.d57.se\/en\/wp-json\/wp\/v2\/types\/page"}],"author":[{"embeddable":true,"href":"https:\/\/www.d57.se\/en\/wp-json\/wp\/v2\/users\/1"}],"replies":[{"embeddable":true,"href":"https:\/\/www.d57.se\/en\/wp-json\/wp\/v2\/comments?post=2223"}],"version-history":[{"count":106,"href":"https:\/\/www.d57.se\/en\/wp-json\/wp\/v2\/pages\/2223\/revisions"}],"predecessor-version":[{"id":2660,"href":"https:\/\/www.d57.se\/en\/wp-json\/wp\/v2\/pages\/2223\/revisions\/2660"}],"wp:attachment":[{"href":"https:\/\/www.d57.se\/en\/wp-json\/wp\/v2\/media?parent=2223"}],"curies":[{"name":"wp","href":"https:\/\/api.w.org\/{rel}","templated":true}]}}