{"id":2294,"date":"2025-07-03T12:57:14","date_gmt":"2025-07-03T12:57:14","guid":{"rendered":"https:\/\/www.d57.se\/?page_id=2294"},"modified":"2025-10-22T16:51:48","modified_gmt":"2025-10-22T16:51:48","slug":"for-foretag","status":"publish","type":"page","link":"https:\/\/www.d57.se\/en\/for-foretag\/","title":{"rendered":"F\u00f6r f\u00f6retag"},"content":{"rendered":"<div data-elementor-type=\"wp-page\" data-elementor-id=\"2294\" class=\"elementor elementor-2294\">\n\t\t\t\t<div class=\"elementor-element elementor-element-c83793a e-con-full e-flex e-con e-parent\" data-id=\"c83793a\" data-element_type=\"container\" data-settings=\"{&quot;background_background&quot;:&quot;classic&quot;}\">\n\t\t<div class=\"elementor-element elementor-element-44ee0f7 e-con-full e-flex e-con e-child\" data-id=\"44ee0f7\" data-element_type=\"container\">\n\t\t\t\t<div class=\"elementor-element elementor-element-e0f5707 elementor-widget elementor-widget-heading\" data-id=\"e0f5707\" data-element_type=\"widget\" data-widget_type=\"heading.default\">\n\t\t\t\t\t<h2 class=\"elementor-heading-title elementor-size-default\"><b>F\u00f6retag och unga skapar morgondagens arbetsliv<\/b><\/h2>\t\t\t\t<\/div>\n\t\t\t\t<div class=\"elementor-element elementor-element-d484938 elementor-widget elementor-widget-heading\" data-id=\"d484938\" data-element_type=\"widget\" data-widget_type=\"heading.default\">\n\t\t\t\t\t<h4 class=\"elementor-heading-title elementor-size-default\"><b>Vi bygger h\u00e5llbar kompetensf\u00f6rs\u00f6rjning.<\/b><\/h4>\t\t\t\t<\/div>\n\t\t\t\t<\/div>\n\t\t\t\t<\/div>\n\t\t<div class=\"elementor-element elementor-element-8a72255 e-flex e-con-boxed e-con e-parent\" data-id=\"8a72255\" data-element_type=\"container\">\n\t\t\t\t\t<div class=\"e-con-inner\">\n\t\t\t\t<div class=\"elementor-element elementor-element-76a439a elementor-widget__width-initial elementor-widget elementor-widget-heading\" data-id=\"76a439a\" data-element_type=\"widget\" data-widget_type=\"heading.default\">\n\t\t\t\t\t<h2 class=\"elementor-heading-title elementor-size-default\">Framtidsbron \u2013 L\u00e4r k\u00e4nna framtidens medarbetare<\/h2>\t\t\t\t<\/div>\n\t\t<div class=\"elementor-element elementor-element-edcb80e e-grid e-con-full e-con e-child\" data-id=\"edcb80e\" data-element_type=\"container\">\n\t\t\t\t<div class=\"elementor-element elementor-element-2228110 elementor-widget elementor-widget-text-editor\" data-id=\"2228110\" data-element_type=\"widget\" data-widget_type=\"text-editor.default\">\n\t\t\t\t\t\t\t\t\t<ul><li><strong>Minska risken f\u00f6r felrekryteringar<\/strong><\/li><li><strong>Forma framtida ledare<\/strong><\/li><li><strong>Flexibelt engagemang \u2013 ni v\u00e4ljer niv\u00e5<\/strong><\/li><li><strong>Etiskt och v\u00e4rderingsdrivet samarbete<\/strong><\/li><\/ul>\t\t\t\t\t\t\t\t<\/div>\n\t\t\t\t<div class=\"elementor-element elementor-element-806908b elementor-widget elementor-widget-text-editor\" data-id=\"806908b\" data-element_type=\"widget\" data-widget_type=\"text-editor.default\">\n\t\t\t\t\t\t\t\t\t<p>AI tar \u00f6ver rutin och analys.<\/p><p>Det som blir kvar kr\u00e4ver m\u00e4nniskor som kan:<span class=\"Apple-converted-space\">\u00a0<\/span><\/p><ul><li>granska, v\u00e4rdera och ifr\u00e5gas\u00e4tta AI:s resultat,<span class=\"Apple-converted-space\">\u00a0<\/span><\/li><li>fatta beslut under os\u00e4kerhet,<span class=\"Apple-converted-space\">\u00a0<\/span><\/li><li>leda andra med empati, integritet och klarhet.<span class=\"Apple-converted-space\">\u00a0<\/span><\/li><\/ul>\t\t\t\t\t\t\t\t<\/div>\n\t\t\t\t<\/div>\n\t\t\t\t\t<\/div>\n\t\t\t\t<\/div>\n\t\t<div class=\"elementor-element elementor-element-983f86f e-flex e-con-boxed e-con e-parent\" data-id=\"983f86f\" data-element_type=\"container\">\n\t\t\t\t\t<div class=\"e-con-inner\">\n\t\t\t\t<div class=\"elementor-element elementor-element-5cec23a elementor-align-center elementor-widget elementor-widget-button\" data-id=\"5cec23a\" data-element_type=\"widget\" data-widget_type=\"button.default\">\n\t\t\t\t\t\t\t\t\t\t<a class=\"elementor-button elementor-button-link elementor-size-sm\" href=\"https:\/\/www.d57.se\/en\/contact\/\">\n\t\t\t\t\t\t<span class=\"elementor-button-content-wrapper\">\n\t\t\t\t\t\t\t\t\t<span class=\"elementor-button-text\">Intresserad?<\/span>\n\t\t\t\t\t<\/span>\n\t\t\t\t\t<\/a>\n\t\t\t\t\t\t\t\t<\/div>\n\t\t\t\t\t<\/div>\n\t\t\t\t<\/div>\n\t\t\t\t<\/div>","protected":false},"excerpt":{"rendered":"<p>F\u00f6retag och unga skapar morgondagens arbetsliv Vi bygger h\u00e5llbar kompetensf\u00f6rs\u00f6rjning. Framtidsbron \u2013 L\u00e4r k\u00e4nna framtidens medarbetare Minska risken f\u00f6r felrekryteringar Forma framtida ledare Flexibelt engagemang \u2013 ni v\u00e4ljer niv\u00e5 Etiskt och v\u00e4rderingsdrivet samarbete AI tar \u00f6ver rutin och analys. Det som blir kvar kr\u00e4ver m\u00e4nniskor som kan:\u00a0 granska, v\u00e4rdera och ifr\u00e5gas\u00e4tta AI:s resultat,\u00a0 fatta beslut [&hellip;]<\/p>","protected":false},"author":1,"featured_media":0,"parent":0,"menu_order":0,"comment_status":"closed","ping_status":"closed","template":"","meta":{"site-sidebar-layout":"no-sidebar","site-content-layout":"page-builder","ast-site-content-layout":"full-width-container","site-content-style":"default","site-sidebar-style":"default","ast-global-header-display":"","ast-banner-title-visibility":"","ast-main-header-display":"","ast-hfb-above-header-display":"","ast-hfb-below-header-display":"","ast-hfb-mobile-header-display":"","site-post-title":"","ast-breadcrumbs-content":"","ast-featured-img":"disabled","footer-sml-layout":"","theme-transparent-header-meta":"","adv-header-id-meta":"","stick-header-meta":"","header-above-stick-meta":"","header-main-stick-meta":"","header-below-stick-meta":"","astra-migrate-meta-layouts":"default","ast-page-background-enabled":"default","ast-page-background-meta":{"desktop":{"background-color":"var(--ast-global-color-4)","background-image":"","background-repeat":"repeat","background-position":"center center","background-size":"auto","background-attachment":"scroll","background-type":"","background-media":"","overlay-type":"","overlay-color":"","overlay-opacity":"","overlay-gradient":""},"tablet":{"background-color":"","background-image":"","background-repeat":"repeat","background-position":"center center","background-size":"auto","background-attachment":"scroll","background-type":"","background-media":"","overlay-type":"","overlay-color":"","overlay-opacity":"","overlay-gradient":""},"mobile":{"background-color":"","background-image":"","background-repeat":"repeat","background-position":"center center","background-size":"auto","background-attachment":"scroll","background-type":"","background-media":"","overlay-type":"","overlay-color":"","overlay-opacity":"","overlay-gradient":""}},"ast-content-background-meta":{"desktop":{"background-color":"var(--ast-global-color-5)","background-image":"","background-repeat":"repeat","background-position":"center center","background-size":"auto","background-attachment":"scroll","background-type":"","background-media":"","overlay-type":"","overlay-color":"","overlay-opacity":"","overlay-gradient":""},"tablet":{"background-color":"var(--ast-global-color-5)","background-image":"","background-repeat":"repeat","background-position":"center center","background-size":"auto","background-attachment":"scroll","background-type":"","background-media":"","overlay-type":"","overlay-color":"","overlay-opacity":"","overlay-gradient":""},"mobile":{"background-color":"var(--ast-global-color-5)","background-image":"","background-repeat":"repeat","background-position":"center center","background-size":"auto","background-attachment":"scroll","background-type":"","background-media":"","overlay-type":"","overlay-color":"","overlay-opacity":"","overlay-gradient":""}},"footnotes":""},"class_list":["post-2294","page","type-page","status-publish","hentry"],"_links":{"self":[{"href":"https:\/\/www.d57.se\/en\/wp-json\/wp\/v2\/pages\/2294","targetHints":{"allow":["GET"]}}],"collection":[{"href":"https:\/\/www.d57.se\/en\/wp-json\/wp\/v2\/pages"}],"about":[{"href":"https:\/\/www.d57.se\/en\/wp-json\/wp\/v2\/types\/page"}],"author":[{"embeddable":true,"href":"https:\/\/www.d57.se\/en\/wp-json\/wp\/v2\/users\/1"}],"replies":[{"embeddable":true,"href":"https:\/\/www.d57.se\/en\/wp-json\/wp\/v2\/comments?post=2294"}],"version-history":[{"count":100,"href":"https:\/\/www.d57.se\/en\/wp-json\/wp\/v2\/pages\/2294\/revisions"}],"predecessor-version":[{"id":2685,"href":"https:\/\/www.d57.se\/en\/wp-json\/wp\/v2\/pages\/2294\/revisions\/2685"}],"wp:attachment":[{"href":"https:\/\/www.d57.se\/en\/wp-json\/wp\/v2\/media?parent=2294"}],"curies":[{"name":"wp","href":"https:\/\/api.w.org\/{rel}","templated":true}]}}