{"id":2507,"date":"2025-07-23T16:33:55","date_gmt":"2025-07-23T16:33:55","guid":{"rendered":"https:\/\/www.d57.se\/?page_id=2507"},"modified":"2025-07-23T17:09:46","modified_gmt":"2025-07-23T17:09:46","slug":"elementor-sida-2507","status":"publish","type":"page","link":"https:\/\/www.d57.se\/en\/elementor-sida-2507\/","title":{"rendered":"H\u00e5llbarhetsprofil f\u00f6r 57dimensionen"},"content":{"rendered":"<div data-elementor-type=\"wp-page\" data-elementor-id=\"2507\" class=\"elementor elementor-2507\">\n\t\t\t\t<div class=\"elementor-element elementor-element-1c3a440 e-flex e-con-boxed e-con e-parent\" data-id=\"1c3a440\" data-element_type=\"container\">\n\t\t\t\t\t<div class=\"e-con-inner\">\n\t\t\t\t<div class=\"elementor-element elementor-element-9c344b8 elementor-widget elementor-widget-text-editor\" data-id=\"9c344b8\" data-element_type=\"widget\" data-widget_type=\"text-editor.default\">\n\t\t\t\t\t\t\t\t\t<p>\u00a0<\/p>\n<p>\u00a0<\/p>\n<p>\u00a0<\/p>\n<p>\u00a0<\/p>\n<p>\u00a0<\/p>\n<p>\u00a0<\/p>\t\t\t\t\t\t\t\t<\/div>\n\t\t\t\t\t<\/div>\n\t\t\t\t<\/div>\n\t\t<div class=\"elementor-element elementor-element-1adcf01 e-grid e-con-boxed e-con e-parent\" data-id=\"1adcf01\" data-element_type=\"container\">\n\t\t\t\t\t<div class=\"e-con-inner\">\n\t\t\t\t<div class=\"elementor-element elementor-element-342b54f elementor-widget elementor-widget-heading\" data-id=\"342b54f\" data-element_type=\"widget\" data-widget_type=\"heading.default\">\n\t\t\t\t\t<h2 class=\"elementor-heading-title elementor-size-default\">                <\/h2>\t\t\t\t<\/div>\n\t\t\t\t\t<\/div>\n\t\t\t\t<\/div>\n\t\t<div class=\"elementor-element elementor-element-4b1ae27 e-flex e-con-boxed e-con e-parent\" data-id=\"4b1ae27\" data-element_type=\"container\">\n\t\t\t\t\t<div class=\"e-con-inner\">\n\t\t\t\t<div class=\"elementor-element elementor-element-4d1326f elementor-widget elementor-widget-heading\" data-id=\"4d1326f\" data-element_type=\"widget\" data-widget_type=\"heading.default\">\n\t\t\t\t\t<h2 class=\"elementor-heading-title elementor-size-default\">H\u00e5llbarhetsprofil f\u00f6r 57dimensionen<\/h2>\t\t\t\t<\/div>\n\t\t\t\t<div class=\"elementor-element elementor-element-fd61af8 elementor-widget elementor-widget-text-editor\" data-id=\"fd61af8\" data-element_type=\"widget\" data-widget_type=\"text-editor.default\">\n\t\t\t\t\t\t\t\t\t<h4><br \/>Milj\u00f6m\u00e4ssig h\u00e5llbarhet (Environmental)<\/h4>\n<p>\u00c4ven om verksamheten inte \u00e4r direkt resursintensiv, str\u00e4var 57dimensionen efter att minimera sin milj\u00f6p\u00e5verkan genom:<\/p>\n<ul>\n<li><em>Digital f\u00f6rst: All administration, kommunikation och utbildningsmaterial sker i huvudsak digitalt.<\/em><\/li>\n<li><em>Resfria m\u00f6ten: Mentorprogram och samarbeten sker i stor utstr\u00e4ckning via videom\u00f6ten och distansverktyg.<\/em><\/li>\n<li><em>Medvetna val: N\u00e4r fysiska m\u00f6ten kr\u00e4vs sker dessa med h\u00e4nsyn till klimatsmarta resor och lokala leverant\u00f6rer.<\/em><\/li>\n<\/ul>\n<p><strong>M\u00e5l:<\/strong> Koldioxidneutral administration senast 2026.<\/p>\n<p>\u00a0<\/p>\n<p><strong>Social h\u00e5llbarhet (Social)<\/strong><\/p>\n<p>K\u00e4rnan i 57dimensionen \u00e4r social h\u00e5llbarhet genom relationsbyggande och r\u00e4ttvisa m\u00f6jligheter:<\/p>\n<ul>\n<li><em>J\u00e4mlikt mentorskap: Alla elever, oavsett bakgrund, f\u00e5r tillg\u00e5ng till n\u00e4tverk, yrkesv\u00e4gledning och personlig utveckling.<\/em><\/li>\n<li><em>Ung delaktighet: Verksamheten leds och drivs av ungdomar genom partnerskap, praktik och optionsavtal.<\/em><\/li>\n<li><em>Psykosocialt fokus: Vi bygger trygga relationer mellan skola, arbetsliv och individ med respekt f\u00f6r m\u00e4nniskans v\u00e4rde.<\/em><\/li>\n<\/ul>\n<p><strong>M\u00e5l:<\/strong> \u00d6ka andelen f\u00f6rstahandsans\u00f6kningar till gymnasiet bland v\u00e5ra elever med 20 % inom tv\u00e5 \u00e5r.<\/p>\n<p>\u00a0<\/p>\n<p>\u00a0<\/p>\n<p><strong>Styrning och transparens (Governance)<\/strong><\/p>\n<p>57dimensionen \u00e4r ett ungt bolag med en etiskt f\u00f6rankrad aff\u00e4rsmodell och inkluderande ledningsstruktur:<\/p>\n<ul>\n<li><em>Etisk ledning: Beslut fattas i samr\u00e5d med ungdomar, r\u00e5dgivare och externa partners \u2014 med integritet och l\u00e5ngsiktighet.<\/em><\/li>\n<li><em>Transparens: Ekonomiska fl\u00f6den, partnerskap och urvalskriterier redovisas \u00f6ppet.<\/em><\/li>\n<li><em>Inget vinstuttag i uppstartsfasen: All eventuell vinst \u00e5terinvesteras i verksamheten under de f\u00f6rsta 3 \u00e5ren.<\/em><\/li>\n<\/ul>\n<p><strong>M\u00e5l:<\/strong> \u00c5rlig h\u00e5llbarhetsrapportering fr\u00e5n 2026 med fokus p\u00e5 social p\u00e5verkan och j\u00e4mst\u00e4lld representation<\/p>\n<h4><br \/><br \/>Integritetspolicy<\/h4>\n<p><strong>Integritet och personuppgifter<\/strong><br \/>N\u00e4r du deltar i v\u00e5rt program kan vi komma att samla in information om dina m\u00e5l, styrkor och utvecklingsomr\u00e5den f\u00f6r att hj\u00e4lpa dig fram\u00e5t. Informationen anv\u00e4nds enbart i syfte att st\u00f6tta din utveckling och \u2013 om du samtycker \u2013 som underlag f\u00f6r framtida jobbmatchning och rekrytering.<br \/>Du kan n\u00e4r som helst ta tillbaka ditt samtycke. Vi sparar aldrig mer data \u00e4n n\u00f6dv\u00e4ndigt och delar inget vidare utan uttryckligt tillst\u00e5nd.<\/p>\t\t\t\t\t\t\t\t<\/div>\n\t\t\t\t\t<\/div>\n\t\t\t\t<\/div>\n\t\t\t\t<\/div>","protected":false},"excerpt":{"rendered":"<p>\u00a0 \u00a0 \u00a0 \u00a0 \u00a0 \u00a0 H\u00e5llbarhetsprofil f\u00f6r 57dimensionen Milj\u00f6m\u00e4ssig h\u00e5llbarhet (Environmental) \u00c4ven om verksamheten inte \u00e4r direkt resursintensiv, str\u00e4var 57dimensionen efter att minimera sin milj\u00f6p\u00e5verkan genom: Digital f\u00f6rst: All administration, kommunikation och utbildningsmaterial sker i huvudsak digitalt. Resfria m\u00f6ten: Mentorprogram och samarbeten sker i stor utstr\u00e4ckning via videom\u00f6ten och distansverktyg. Medvetna val: N\u00e4r fysiska [&hellip;]<\/p>","protected":false},"author":1,"featured_media":0,"parent":0,"menu_order":0,"comment_status":"closed","ping_status":"closed","template":"","meta":{"site-sidebar-layout":"no-sidebar","site-content-layout":"page-builder","ast-site-content-layout":"full-width-container","site-content-style":"default","site-sidebar-style":"default","ast-global-header-display":"","ast-banner-title-visibility":"","ast-main-header-display":"","ast-hfb-above-header-display":"","ast-hfb-below-header-display":"","ast-hfb-mobile-header-display":"","site-post-title":"disabled","ast-breadcrumbs-content":"","ast-featured-img":"disabled","footer-sml-layout":"","theme-transparent-header-meta":"","adv-header-id-meta":"","stick-header-meta":"","header-above-stick-meta":"","header-main-stick-meta":"","header-below-stick-meta":"","astra-migrate-meta-layouts":"default","ast-page-background-enabled":"default","ast-page-background-meta":{"desktop":{"background-color":"var(--ast-global-color-4)","background-image":"","background-repeat":"repeat","background-position":"center center","background-size":"auto","background-attachment":"scroll","background-type":"","background-media":"","overlay-type":"","overlay-color":"","overlay-opacity":"","overlay-gradient":""},"tablet":{"background-color":"","background-image":"","background-repeat":"repeat","background-position":"center center","background-size":"auto","background-attachment":"scroll","background-type":"","background-media":"","overlay-type":"","overlay-color":"","overlay-opacity":"","overlay-gradient":""},"mobile":{"background-color":"","background-image":"","background-repeat":"repeat","background-position":"center center","background-size":"auto","background-attachment":"scroll","background-type":"","background-media":"","overlay-type":"","overlay-color":"","overlay-opacity":"","overlay-gradient":""}},"ast-content-background-meta":{"desktop":{"background-color":"var(--ast-global-color-5)","background-image":"","background-repeat":"repeat","background-position":"center center","background-size":"auto","background-attachment":"scroll","background-type":"","background-media":"","overlay-type":"","overlay-color":"","overlay-opacity":"","overlay-gradient":""},"tablet":{"background-color":"var(--ast-global-color-5)","background-image":"","background-repeat":"repeat","background-position":"center center","background-size":"auto","background-attachment":"scroll","background-type":"","background-media":"","overlay-type":"","overlay-color":"","overlay-opacity":"","overlay-gradient":""},"mobile":{"background-color":"var(--ast-global-color-5)","background-image":"","background-repeat":"repeat","background-position":"center center","background-size":"auto","background-attachment":"scroll","background-type":"","background-media":"","overlay-type":"","overlay-color":"","overlay-opacity":"","overlay-gradient":""}},"footnotes":""},"class_list":["post-2507","page","type-page","status-publish","hentry"],"_links":{"self":[{"href":"https:\/\/www.d57.se\/en\/wp-json\/wp\/v2\/pages\/2507","targetHints":{"allow":["GET"]}}],"collection":[{"href":"https:\/\/www.d57.se\/en\/wp-json\/wp\/v2\/pages"}],"about":[{"href":"https:\/\/www.d57.se\/en\/wp-json\/wp\/v2\/types\/page"}],"author":[{"embeddable":true,"href":"https:\/\/www.d57.se\/en\/wp-json\/wp\/v2\/users\/1"}],"replies":[{"embeddable":true,"href":"https:\/\/www.d57.se\/en\/wp-json\/wp\/v2\/comments?post=2507"}],"version-history":[{"count":16,"href":"https:\/\/www.d57.se\/en\/wp-json\/wp\/v2\/pages\/2507\/revisions"}],"predecessor-version":[{"id":2550,"href":"https:\/\/www.d57.se\/en\/wp-json\/wp\/v2\/pages\/2507\/revisions\/2550"}],"wp:attachment":[{"href":"https:\/\/www.d57.se\/en\/wp-json\/wp\/v2\/media?parent=2507"}],"curies":[{"name":"wp","href":"https:\/\/api.w.org\/{rel}","templated":true}]}}